{"id":806,"date":"2018-08-30T18:09:52","date_gmt":"2018-08-30T21:09:52","guid":{"rendered":"https:\/\/enssjf-ers.infd.edu.ar\/sitio\/dnos-curriculares-carreras\/"},"modified":"2026-03-26T11:36:12","modified_gmt":"2026-03-26T14:36:12","slug":"normativa_carreras","status":"publish","type":"page","link":"https:\/\/enssjf-ers.infd.edu.ar\/sitio\/normativa_carreras\/","title":{"rendered":"NORMATIVA CARRERAS"},"content":{"rendered":"<h2><strong><span style=\"font-family: arial, helvetica, sans-serif; font-size: 12pt;\">Dise\u00f1os Curriculares &#8211; Planes de estudio &#8211; Correlatividades<\/span><\/strong><\/h2>\n<ul>\n<li><span style=\"font-family: arial, helvetica, sans-serif; color: #0000ff;\"><span style=\"font-size: 16px;\"><strong>Prof. Educaci\u00f3n Primaria &#8211; Res. 4170\/14 CGE.<\/strong>\u00a0<\/span><\/span><\/li>\n<\/ul>\n<p style=\"padding-left: 90px;\"><a href=\"https:\/\/enssjf-ers.infd.edu.ar\/sitio\/wp-content\/uploads\/sitio\/4170-14_CGE_Dn_o_PEP_2014.pdf\" target=\"_blank\" rel=\"noopener\">Dise\u00f1o<\/a>\u00a0 \u00a0 \u00a0&#8211;\u00a0 \u00a0 <a href=\"https:\/\/enssjf-ers.infd.edu.ar\/sitio\/wp-content\/uploads\/2019\/06\/Plan-4170-14_CGE_PEP.pdf\" target=\"_blank\" rel=\"noopener\">Plan<\/a>\u00a0 \u00a0 \u00a0&#8211;\u00a0 \u00a0 \u00a0 <a href=\"https:\/\/enssjf-ers.infd.edu.ar\/sitio\/wp-content\/uploads\/2019\/06\/Correlat-PEP-4170_14-3519_15.pdf\" target=\"_blank\" rel=\"noopener\">Correlatividad<\/a><\/p>\n<ul>\n<li><strong><span style=\"color: #0000ff;\">Prof. Ed. Secundaria en Biolog\u00eda &#8211; Res. 0761\/14 CGE &#8211; Modif. 147\/15 CGE<\/span><\/strong><\/li>\n<\/ul>\n<p style=\"padding-left: 80px;\"><a href=\"https:\/\/des-ers.infd.edu.ar\/sitio\/wp-admin\/upload\/0761-14_CGE_Dise%F1o_Curricular_Profesorado_de_Educ._Sec._en_Biolog%EDa.pdf\" target=\"_blank\" rel=\"noopener\">Dise\u00f1o<\/a> &#8211; <a href=\"https:\/\/drive.google.com\/file\/d\/1Cg_-t_d8j6ee_ylBpgdn-2hdmeukbmx_\/view?usp=sharing\" target=\"_blank\" rel=\"noopener\">Mofic.<\/a>\u00a0 \u00a0 \u00a0&#8211;\u00a0 \u00a0 <a href=\"https:\/\/drive.google.com\/file\/d\/1T0Sct2lG2iWxPgtp7kSeRuKkIYhNTC5h\/view?usp=sharing\" target=\"_blank\" rel=\"noopener\">Plan<\/a>\u00a0 \u00a0 \u00a0&#8211;\u00a0 \u00a0 \u00a0 <a href=\"https:\/\/drive.google.com\/file\/d\/1RvmUj0Rc2e_jjOjsZFRs-xFN6sj1qjHd\/view?usp=sharing\" target=\"_blank\" rel=\"noopener\">Correlatividad<\/a><\/p>\n<ul>\n<li><strong><span style=\"font-family: arial, helvetica, sans-serif; color: #0000ff;\"><span style=\"font-size: 16px;\">Prof. Educaci\u00f3n Tecnol\u00f3gica &#8211; Res. 4798\/15 CGE &#8211; Amp. 1418\/17 CGE<\/span><\/span><\/strong><\/li>\n<\/ul>\n<p style=\"padding-left: 80px;\"><a href=\"https:\/\/des-ers.infd.edu.ar\/sitio\/wp-admin\/upload\/4798-15_CGE.pdf\" target=\"_blank\" rel=\"noopener\">Dise\u00f1o<\/a> &#8211; <a href=\"https:\/\/des-ers.infd.edu.ar\/sitio\/wp-admin\/upload\/Resolucion_1418-17_CGE.pdf\" target=\"_blank\" rel=\"noopener\">Ampl<\/a>\u00a0 \u00a0 &#8211;\u00a0 \u00a0\u00a0 \u00a0<a href=\"https:\/\/drive.google.com\/file\/d\/1Bi4VVuKsl2JIHivrg4smu8sWYSYsyXxa\/view?usp=sharing\" target=\"_blank\" rel=\"noopener\"> Plan\u00a0<\/a> \u00a0 \u00a0&#8211;\u00a0 \u00a0 \u00a0 <a href=\"https:\/\/des-ers.infd.edu.ar\/sitio\/wp-admin\/upload\/Resolucion_1418-17_CGE.pdf\" target=\"_blank\" rel=\"noopener\">Correlatividad<\/a><\/p>\n<ul>\n<li><strong><span style=\"font-family: arial, helvetica, sans-serif; color: #0000ff;\"><span style=\"font-size: 16px;\">Prof. Educaci\u00f3n Secundaria en Geograf\u00eda &#8211; Res. 0766\/14 CGE &#8211; Modif. 159\/15 CGE<\/span><\/span><\/strong><\/li>\n<\/ul>\n<p style=\"padding-left: 90px;\"><a href=\"https:\/\/des-ers.infd.edu.ar\/sitio\/wp-admin\/upload\/0766-14_CGE_Dise%F1o_Curricular_Profesorado_de_Educ._Sec._en_Geograf%EDa.pdf\" target=\"_blank\" rel=\"noopener\">Dise\u00f1o\u00a0<\/a> \u00a0 \u00a0&#8211;\u00a0 \u00a0<a href=\"https:\/\/enssjf-ers.infd.edu.ar\/sitio\/wp-content\/uploads\/2023\/09\/0159-15_CGE_Rectificacion_PES_Geografia.pdf\" target=\"_blank\" rel=\"noopener\">Modif<\/a>\u00a0 &#8211;\u00a0 \u00a0 <a href=\"https:\/\/enssjf-ers.infd.edu.ar\/sitio\/wp-content\/uploads\/2023\/09\/0159-15_CGE_Plan_CargaHoraria_PES_Geog.pdf\" target=\"_blank\" rel=\"noopener\">Plan<\/a>\u00a0 \u00a0 \u00a0&#8211;\u00a0 \u00a0 \u00a0 <a href=\"https:\/\/enssjf-ers.infd.edu.ar\/sitio\/wp-content\/uploads\/2023\/09\/0159-15_CGE_Correlativas_PES_Geog.pdf\" target=\"_blank\" rel=\"noopener\">Correlatividad<\/a><\/p>\n<ul>\n<li><strong><span style=\"font-family: arial, helvetica, sans-serif; color: #0000ff;\"><span style=\"font-size: 16px;\">Prof. Superior en Ciencias de la Educaci\u00f3n &#8211; Res. 4796\/15 CGE<\/span><\/span><\/strong><\/li>\n<\/ul>\n<p style=\"padding-left: 90px;\"><a href=\"https:\/\/enssjf-ers.infd.edu.ar\/sitio\/wp-content\/uploads\/sitio\/4796-15_CGE_Cs_de_la_Educ.pdf\" target=\"_blank\" rel=\"noopener\">Dise\u00f1o<\/a>\u00a0 \u00a0 \u00a0&#8211;\u00a0 \u00a0 <a href=\"https:\/\/enssjf-ers.infd.edu.ar\/sitio\/wp-content\/uploads\/2019\/06\/Plan-4796-15_CGE_PESCE.pdf\" target=\"_blank\" rel=\"noopener\">Plan<\/a>\u00a0 \u00a0 \u00a0&#8211;\u00a0 \u00a0 \u00a0<a href=\"https:\/\/enssjf-ers.infd.edu.ar\/sitio\/wp-content\/uploads\/sitio\/Rs_1419-17_CGE_Correl.pdf\" target=\"_blank\" rel=\"noopener\"> Correlatividad<\/a><\/p>\n<ul>\n<li><strong><span style=\"color: #0000ff;\">Tec.<\/span> <span style=\"color: #0000ff;\">Superior<\/span> <span style=\"color: #0000ff;\">en<\/span> <span style=\"color: #0000ff;\">An\u00e1lisis<\/span> <span style=\"color: #0000ff;\">y<\/span><\/strong>\u00a0<strong><span style=\"color: #0000ff;\">Desarrollo<\/span> <span style=\"color: #0000ff;\">de<\/span> <span style=\"color: #0000ff;\">Software<\/span><\/strong><\/li>\n<\/ul>\n<p style=\"text-align: left;\">\u00a0 \u00a0 \u00a0 \u00a0 \u00a0 \u00a0\u00a0 \u00a0\u00a0 \u00a0\u00a0 \u00a0\u00a0<a href=\"https:\/\/drive.google.com\/file\/d\/1qJ8F09x0LqoU4w6CWuf1MLqBNRnwKDDP\/view?usp=drive_link\">Dise\u00f1o<\/a>\u00a0 \u00a0 \u00a0&#8211;\u00a0 \u00a0 <a href=\"https:\/\/drive.google.com\/file\/d\/1eQGE7uOyfvv5LhnBcKTDmVUtruVoMHYk\/view?usp=drive_link\">Plan<\/a>\u00a0 \u00a0 \u00a0&#8211;\u00a0 \u00a0 \u00a0 \u00a0<a href=\"https:\/\/drive.google.com\/file\/d\/1TETA2kQQWHDMA3W4DE1TG189zW0rr9p9\/view?usp=drive_link\">Correlatividad<\/a><\/p>\n<p><em><strong>Planes finalizados<\/strong><\/em><\/p>\n<ul>\n<li><a href=\"https:\/\/drive.google.com\/file\/d\/1clavjPeayy9c82xRWzG4gQDW8nL85bdU\/view?usp=drive_link\">Tec.<\/a> <a href=\"https:\/\/drive.google.com\/file\/d\/1clavjPeayy9c82xRWzG4gQDW8nL85bdU\/view?usp=drive_link\">Superior<\/a> <a href=\"https:\/\/drive.google.com\/file\/d\/1clavjPeayy9c82xRWzG4gQDW8nL85bdU\/view?usp=drive_link\">en<\/a> <a href=\"https:\/\/drive.google.com\/file\/d\/1clavjPeayy9c82xRWzG4gQDW8nL85bdU\/view?usp=drive_link\">Enfermer\u00eda<\/a> &#8211; <a href=\"https:\/\/drive.google.com\/file\/d\/1clavjPeayy9c82xRWzG4gQDW8nL85bdU\/view?usp=drive_link\">Res.<\/a> <a href=\"https:\/\/drive.google.com\/file\/d\/1clavjPeayy9c82xRWzG4gQDW8nL85bdU\/view?usp=drive_link\">0620\/15<\/a> <a href=\"https:\/\/drive.google.com\/file\/d\/1clavjPeayy9c82xRWzG4gQDW8nL85bdU\/view?usp=drive_link\">CGE<\/a><\/li>\n<li><a href=\"https:\/\/enssjf-ers.infd.edu.ar\/sitio\/wp-content\/uploads\/sitio\/4165-14_CGE_Disen_o_Curricular_para_la_Formacion_Docente_de_Educacion_Inicial.pdf\" target=\"_blank\" rel=\"noopener\">Prof. Educ. Inicial &#8211; Rs. 4165\/14 CGE<\/a><\/li>\n<li><a href=\"https:\/\/enssjf-ers.infd.edu.ar\/sitio\/wp-content\/uploads\/sitio\/0759-14_Dn_o_Curr_Prof_Leng_Lit.pdf\" target=\"_blank\" rel=\"noopener\"><span style=\"font-family: arial, helvetica, sans-serif; color: #0000ff;\"><span style=\"font-size: 16px;\">Prof. Educ. Secundaria en Lengua y Lit. &#8211; Rs. 0759-14 C.G.E.<\/span><\/span><\/a><\/li>\n<li><span style=\"font-family: arial, helvetica, sans-serif; color: #0000ff;\"><span style=\"font-size: 16px;\"><a title=\"Formacion Incial-3425-09\" href=\"upload\/Dn_o-Curr-FDI-3425-09_CGE.pdf\" target=\"_blank\" rel=\"noopener\">D\u00f1o. Curricular<\/a> <a title=\"Formacion Incial-3425-09\" href=\"upload\/Dn_o-Curr-FDI-3425-09_CGE.pdf\" target=\"_blank\" rel=\"noopener\">Formaci\u00f3n<\/a><a title=\"Formacion Incial-3425-09\" href=\"upload\/Dn_o-Curr-FDI-3425-09_CGE.pdf\" target=\"_blank\" rel=\"noopener\"> Inicial &#8211; Rs. 3425-09 C.G.E.<\/a>\u00a0(P.E.I. &#8211; P.E.P.)<\/span><\/span><\/li>\n<\/ul>\n<ul>\n<li><span style=\"font-family: arial, helvetica, sans-serif;\"><span style=\"font-size: 16px;\"><span style=\"color: #0000ff;\"><a title=\"D\u00f1o-Enfer-0327-09\" href=\"upload\/Rs_0327-09_Enfe.pdf\" target=\"_blank\" rel=\"noopener\">Tec. Superior en Enfermer\u00eda &#8211; Rs. 0327-09 C.G.E<\/a><\/span>.<\/span><\/span><\/li>\n<\/ul>\n<ul>\n<li><a href=\"https:\/\/enssjf-ers.infd.edu.ar\/sitio\/wp-content\/uploads\/2021\/04\/3287-08-CGE.pdf\" target=\"_blank\" rel=\"noopener\">T\u00e9cnico Superior en Pedagog\u00eda y Educaci\u00f3n Social \u2013 Res. 3287\/08 CGE<\/a><\/li>\n<\/ul>\n<ul>\n<li><a href=\"https:\/\/enssjf-ers.infd.edu.ar\/sitio\/wp-content\/uploads\/2021\/04\/0481-05-CGE.pdf\" target=\"_blank\" rel=\"noopener\">Enfermer\u00eda Profesional \u2013 Res. 0481\/05 CGE<\/a><\/li>\n<\/ul>\n","protected":false},"excerpt":{"rendered":"<p>Dise\u00f1os Curriculares &#8211; Planes de estudio &#8211; Correlatividades Prof. Educaci\u00f3n Primaria &#8211; Res. 4170\/14 CGE.\u00a0 Dise\u00f1o\u00a0 \u00a0 \u00a0&#8211;\u00a0 \u00a0 Plan\u00a0 \u00a0 \u00a0&#8211;\u00a0 \u00a0 \u00a0 Correlatividad Prof. Ed. Secundaria en Biolog\u00eda &#8211; Res. 0761\/14 CGE &#8211; Modif. 147\/15 CGE Dise\u00f1o &#8211; Mofic.\u00a0 \u00a0 \u00a0&#8211;\u00a0 \u00a0 Plan\u00a0 \u00a0 \u00a0&#8211;\u00a0 \u00a0 \u00a0 Correlatividad Prof. Educaci\u00f3n Tecnol\u00f3gica &#8211; Res. &#8230; <a title=\"NORMATIVA CARRERAS\" class=\"read-more\" href=\"https:\/\/enssjf-ers.infd.edu.ar\/sitio\/normativa_carreras\/\" aria-label=\"More on NORMATIVA CARRERAS\">[+]<\/a><\/p>\n","protected":false},"author":138,"featured_media":0,"parent":0,"menu_order":0,"comment_status":"closed","ping_status":"closed","template":"","meta":[],"acf":[],"_links":{"self":[{"href":"https:\/\/enssjf-ers.infd.edu.ar\/sitio\/wp-json\/wp\/v2\/pages\/806"}],"collection":[{"href":"https:\/\/enssjf-ers.infd.edu.ar\/sitio\/wp-json\/wp\/v2\/pages"}],"about":[{"href":"https:\/\/enssjf-ers.infd.edu.ar\/sitio\/wp-json\/wp\/v2\/types\/page"}],"author":[{"embeddable":true,"href":"https:\/\/enssjf-ers.infd.edu.ar\/sitio\/wp-json\/wp\/v2\/users\/138"}],"replies":[{"embeddable":true,"href":"https:\/\/enssjf-ers.infd.edu.ar\/sitio\/wp-json\/wp\/v2\/comments?post=806"}],"version-history":[{"count":64,"href":"https:\/\/enssjf-ers.infd.edu.ar\/sitio\/wp-json\/wp\/v2\/pages\/806\/revisions"}],"predecessor-version":[{"id":3058,"href":"https:\/\/enssjf-ers.infd.edu.ar\/sitio\/wp-json\/wp\/v2\/pages\/806\/revisions\/3058"}],"wp:attachment":[{"href":"https:\/\/enssjf-ers.infd.edu.ar\/sitio\/wp-json\/wp\/v2\/media?parent=806"}],"curies":[{"name":"wp","href":"https:\/\/api.w.org\/{rel}","templated":true}]}}