{"id":1559,"date":"2020-04-07T14:12:09","date_gmt":"2020-04-07T17:12:09","guid":{"rendered":"https:\/\/enssjf-ers.infd.edu.ar\/sitio\/?page_id=1559"},"modified":"2026-03-27T17:09:57","modified_gmt":"2026-03-27T20:09:57","slug":"tutoriales","status":"publish","type":"page","link":"https:\/\/enssjf-ers.infd.edu.ar\/sitio\/tutoriales\/","title":{"rendered":"TUTORIALES"},"content":{"rendered":"<h2><\/h2>\n<ul>\n<li>\n<h5><a href=\"https:\/\/forms.gle\/jyCubsaJmqWLBQyg6\">Datos para cargar a la plataforma del IFD &#8211; 1\u00b0 a\u00f1o PESB &#8211; 2026<\/a><\/h5>\n<\/li>\n<li>\n<h5><a href=\"https:\/\/forms.gle\/vNaHektN3hC5qCD47\">Datos para cargar a la plataforma del IFD &#8211; 1\u00b0 a\u00f1o PEP &#8211; 2026<\/a><\/h5>\n<\/li>\n<li>\n<h5><a href=\"https:\/\/docs.google.com\/presentation\/d\/1AxJJFZMXgfLtGuS_iyeGbD470itJCAif\/edit?usp=sharing&amp;ouid=100770835169224054444&amp;rtpof=true&amp;sd=true\" target=\"_blank\" rel=\"noopener\"><span style=\"color: #800080;\">Escanear documentaci\u00f3n<\/span><\/a><\/h5>\n<\/li>\n<li>\n<h5><span style=\"color: #000000;\">Recuperaci\u00f3n de datos<\/span><\/h5>\n<\/li>\n<li>\n<h5><a href=\"https:\/\/enssjf-ers.infd.edu.ar\/sitio\/wp-content\/uploads\/2020\/04\/Config_Perfil_Usuario.pdf\" target=\"_blank\" rel=\"noopener\"><span style=\"color: #0000ff;\"><span style=\"color: #000000;\">Configuraci\u00f3n Perfil Usuario<\/span><\/span><\/a><\/h5>\n<\/li>\n<li>\n<h5><a href=\"https:\/\/www.youtube.com\/watch?v=JCm-J-b3QlE\" target=\"_blank\" rel=\"noopener\">Usuario SAGE<\/a><\/h5>\n<\/li>\n<\/ul>\n","protected":false},"excerpt":{"rendered":"<p>Datos para cargar a la plataforma del IFD &#8211; 1\u00b0 a\u00f1o PESB &#8211; 2026 Datos para cargar a la plataforma del IFD &#8211; 1\u00b0 a\u00f1o PEP &#8211; 2026 Escanear documentaci\u00f3n Recuperaci\u00f3n de datos Configuraci\u00f3n Perfil Usuario Usuario SAGE<\/p>\n","protected":false},"author":138,"featured_media":0,"parent":0,"menu_order":0,"comment_status":"closed","ping_status":"closed","template":"","meta":[],"acf":[],"_links":{"self":[{"href":"https:\/\/enssjf-ers.infd.edu.ar\/sitio\/wp-json\/wp\/v2\/pages\/1559"}],"collection":[{"href":"https:\/\/enssjf-ers.infd.edu.ar\/sitio\/wp-json\/wp\/v2\/pages"}],"about":[{"href":"https:\/\/enssjf-ers.infd.edu.ar\/sitio\/wp-json\/wp\/v2\/types\/page"}],"author":[{"embeddable":true,"href":"https:\/\/enssjf-ers.infd.edu.ar\/sitio\/wp-json\/wp\/v2\/users\/138"}],"replies":[{"embeddable":true,"href":"https:\/\/enssjf-ers.infd.edu.ar\/sitio\/wp-json\/wp\/v2\/comments?post=1559"}],"version-history":[{"count":30,"href":"https:\/\/enssjf-ers.infd.edu.ar\/sitio\/wp-json\/wp\/v2\/pages\/1559\/revisions"}],"predecessor-version":[{"id":3076,"href":"https:\/\/enssjf-ers.infd.edu.ar\/sitio\/wp-json\/wp\/v2\/pages\/1559\/revisions\/3076"}],"wp:attachment":[{"href":"https:\/\/enssjf-ers.infd.edu.ar\/sitio\/wp-json\/wp\/v2\/media?parent=1559"}],"curies":[{"name":"wp","href":"https:\/\/api.w.org\/{rel}","templated":true}]}}